{"id":32,"date":"2026-05-08T08:20:55","date_gmt":"2026-05-08T08:20:55","guid":{"rendered":"https:\/\/rannajalgpall.ee\/esiliiga\/avaleht\/"},"modified":"2026-05-08T14:49:47","modified_gmt":"2026-05-08T14:49:47","slug":"avaleht","status":"publish","type":"page","link":"https:\/\/rannajalgpall.ee\/esiliiga\/","title":{"rendered":"Avaleht"},"content":{"rendered":"\n<div class=\"wp-block-group alignfull ext-hero-section ext-hero-section--shapely-hedgehog-2 ext-hero-section--full-screen is-style-ext-preset--group--natural-1--section ext-animate--on has-background-background-color has-background has-global-padding is-layout-constrained wp-container-core-group-is-layout-e96f6837 wp-block-group-is-layout-constrained\" style=\"margin-top:0;margin-bottom:0;padding-top:0;padding-right:0;padding-bottom:0;padding-left:0\">\n<div class=\"wp-block-cover alignfull has-custom-content-position is-position-bottom-center is-style-ext-preset--cover--natural-1--cover-overlay-1 ext-animate--on is-style-ext-preset--cover--natural-1--cover-overlay-1--2\" style=\"padding-top:var(--wp--preset--spacing--55);padding-right:var(--wp--preset--spacing--30);padding-bottom:var(--wp--preset--spacing--55);padding-left:var(--wp--preset--spacing--30);min-height:320px;aspect-ratio:unset;\"><img loading=\"lazy\" decoding=\"async\" width=\"1280\" height=\"1707\" class=\"wp-block-cover__image-background wp-image-53\" alt=\"\" src=\"https:\/\/rannajalgpall.ee\/esiliiga\/wp-content\/uploads\/2026\/05\/f3e6127c867efe30b870f60fcf47c7cd9f3b9997.jpg\" data-object-fit=\"cover\" srcset=\"https:\/\/rannajalgpall.ee\/esiliiga\/wp-content\/uploads\/2026\/05\/f3e6127c867efe30b870f60fcf47c7cd9f3b9997.jpg 1280w, https:\/\/rannajalgpall.ee\/esiliiga\/wp-content\/uploads\/2026\/05\/f3e6127c867efe30b870f60fcf47c7cd9f3b9997-225x300.jpg 225w, https:\/\/rannajalgpall.ee\/esiliiga\/wp-content\/uploads\/2026\/05\/f3e6127c867efe30b870f60fcf47c7cd9f3b9997-768x1024.jpg 768w, https:\/\/rannajalgpall.ee\/esiliiga\/wp-content\/uploads\/2026\/05\/f3e6127c867efe30b870f60fcf47c7cd9f3b9997-1152x1536.jpg 1152w\" sizes=\"auto, (max-width: 1280px) 100vw, 1280px\" \/><span aria-hidden=\"true\" class=\"wp-block-cover__background has-background-dim-80 has-background-dim wp-block-cover__gradient-background has-background-gradient\" style=\"background:linear-gradient(0deg,rgb(1,1,1) 0%,rgba(0,0,0,0.15) 100%)\"><\/span><div class=\"wp-block-cover__inner-container has-global-padding is-layout-constrained wp-container-core-cover-is-layout-8484a25a wp-block-cover-is-layout-constrained\">\n<div class=\"wp-block-columns alignwide ext-animate--on is-layout-flex wp-container-core-columns-is-layout-47c06fe3 wp-block-columns-is-layout-flex\">\n<div class=\"wp-block-column ext-animate--on is-layout-flow wp-block-column-is-layout-flow\">\n<h1 class=\"wp-block-heading ext-animate--on has-text-color has-link-color wp-elements-832474e35a36fb9752a19e01573421ec\" style=\"color:#fefefe\">Registreeru Rannajalgpalli Esiliigasse<\/h1>\n\n\n\n<div class=\"wp-block-buttons ext-animate--on is-content-justification-left is-layout-flex wp-container-core-buttons-is-layout-fc4fd283 wp-block-buttons-is-layout-flex\"><\/div>\n<\/div>\n<\/div>\n<\/div><\/div>\n<\/div>\n\n\n\n<div class=\"wp-block-group alignfull is-style-ext-preset--group--natural-1--section ext-animate--off has-tertiary-background-color has-background has-global-padding is-layout-constrained wp-block-group-is-layout-constrained\" id=\"kontakt\" style=\"margin-top:0;margin-bottom:0;padding-top:var(--wp--preset--spacing--70);padding-bottom:var(--wp--preset--spacing--70)\">\n<h2 class=\"wp-block-heading ext-animate--on\">RANNAJALKA SUVI ON KOHE ALGAMAS!<\/h2>\n\n\n\n<p class=\"ext-animate--on\"><br><strong>Eesti rannajalka Esiliiga ootab osalema k\u00f5iki jalgpalliklubisid ja s\u00f5pruskondasid.<\/strong><br><\/p>\n\n\n\n<p class=\"ext-animate--on\">Rannajalgpalli Esiliiga on harrastusliiga, mis koosneb sel aastal kolmest \u00fchep\u00e4evasest turniirist. Lisaks peetakse hooaja l\u00f5pus (22. august) esmakordselt Eesti \u2013 L\u00e4ti esiliiga klubide karikav\u00f5istlused.<br><\/p>\n\n\n\n<p class=\"ext-animate--on\">V\u00f5istkond v\u00f5ib ennast registreerida \u00fchele turniirile, kui ka k\u00f5igile kolmele korraga (liiga \u00fcldv\u00f5idu eest v\u00f5istlevad vaid k\u00f5igil kolmel turniiril osalenud v\u00f5isktonnad).<br><\/p>\n\n\n\n<p class=\"ext-animate--on\"><strong>PANE V\u00d5ISTKOND KOKKU ja REGISTREERU T\u00c4ITES REGISTREERIMISVORM:<\/strong><\/p>\n\n\n\n<p class=\"ext-animate--on\"><br><strong>OSALEMISTASU<\/strong><br>\u2022 K\u00f5igil kolmel turniiril osalemise tasu on 480 eurot v\u00f5istkond.<br>\u2022\u00dche turniiri osalustasu 250 eurot v\u00f5istkond.<\/p>\n\n\n\n<p class=\"ext-animate--on\"><br><strong>Eesti rannajalgpalli ESILIIGA uue hooaja \u00dcLDINFO:<\/strong><br>\u2022Esiliigas saavad osalemis\u00f5iguse kaheksa (8) esimesena registreerunud V\u00f5istkonda.<br>\u2022Esiliiga koosneb sel aastal kolmest \u00fchep\u00e4evasest turniirist, kus m\u00e4ngitakse alagrupim\u00e4ngud, poolfinaalid ja m\u00e4ngitakse v\u00e4lja kohad 1.-4<br>\u2022Alagrupim\u00e4ngudel jagatakse v\u00f5istkonnad kahte (2) alagruppi, kus k\u00f5ik v\u00f5istkonnad<br>\u2022m\u00e4ngiva \u00fche (1) korra \u00fcksteisega l\u00e4bi. V\u00f5istkondlik paremusj\u00e4rjestus selgub<br>\u2022saavutatud punktide \u00fcldsumma j\u00e4rgi, kus v\u00f5it (sh loobumisv\u00f5it) annab kolm (3), viik \u00fche (1) ning kaotus null (0) punkti.<br>\u2022Alagruppide kaks parimat p\u00e4\u00e4sevad m\u00e4ngima turniiri poolfinaali.<br>\u2022Poolfinaalide v\u00f5itjad m\u00e4ngivad turniiri v\u00f5idule ja poolfinaalide kaotajad turniiri 3. \u2013 4. koha eest;<br><\/p>\n\n\n\n<p class=\"ext-animate--on\">Igal turniiril saavad auhinnatud esikolmiku v\u00f5istkonnad.<br><\/p>\n\n\n\n<p class=\"ext-animate--on\"><strong>M\u00c4NGIJAD JA V\u00d5ISTKOND<\/strong><br>\u2022Igal turniiril saab V\u00f5istkonda registreerida kuni 12 m\u00e4ngijat.<br>\u2022Iga m\u00e4ngija v\u00f5ib hooaja jooksul esindada vaid \u00fchte Esiliiga V\u00f5istkonda.<br>\u2022M\u00e4ngijate registreerimine toimub turniiri hommikul kohapeal.<br>\u2022\u00dche v\u00f5istkonna m\u00e4ngijad peavad kandma sama v\u00e4rvi m\u00e4ngus\u00e4rke ja -p\u00fckse.<br>\u2022M\u00e4ngus\u00e4rgil peavad olema selgelt eristatavad numbrid.<br>\u2022V\u00e4ravavahi s\u00e4rk peab erinema nii oma kui ka vastasv\u00f5istkonna v\u00e4ljakum\u00e4ngijate vormist.<\/p>\n\n\n\n<p class=\"ext-animate--on\"><br><strong>NB! Igas esiliiga v\u00f5istkonnas v\u00f5ib osaleda kuni 2 m\u00e4ngijat, kes 2026 aasta hooajal m\u00e4ngivad v\u00f5i on registreeritud L\u00e4\u00e4nemere rannajalgpalliliiga ja\/v\u00f5i rannajalgpalli Meistriliigas osaleva v\u00f5istkonna koosseisu.<\/strong><\/p>\n\n\n\n<p class=\"ext-animate--on\">V\u00f5istkond v\u00f5ib V\u00f5istlustel m\u00e4ngida vabalt valitud nimega (nimes v\u00f5ib kasutada ka sponsori nime). V\u00f5istkonna nime ei ole lubatud V\u00f5istluste jooksul muuta.<\/p>\n\n\n\n<p class=\"ext-animate--on\"><br><strong>M\u00c4NGUAEG<\/strong><\/p>\n\n\n\n<p class=\"ext-animate--on\"><br>Esiliiga turniiridel m\u00e4ngitakse alagrupis ajaga 3&#215;8 minutit. Turniiri poolfinaalides ja koham\u00e4ngudes ajaga 3&#215;12 minutit (jooksev aeg).<br><\/p>\n\n\n\n<p class=\"ext-animate--on\">Alates poolfinaalidest m\u00e4ngitakse normaalaja viigilise tulemuse korral lisaaeg, mille kestvus on kolm (3) minutit. Kui lisaaja l\u00f5ppedes on seis ikka viigiline, l\u00f6\u00f6vad m\u00f5lemast v\u00f5istkonnast kolm (3) m\u00e4ngijat vaheldumisi penalteid karistusala<br>kujutletava joone keskelt, kui ka siis on seis viigiline, l\u00fc\u00fcakse penalteid \u00fckshaaval kuni v\u00f5itja selgumiseni.<\/p>\n\n\n\n<div class=\"wp-block-media-text alignwide has-media-on-the-right is-stacked-on-mobile is-image-fill-element is-style-ext-preset--media-text--natural-1--card-1 ext-animate--on has-background-background-color has-background is-style-ext-preset--media-text--natural-1--card-1--4\" style=\"grid-template-columns:auto 48%\"><div class=\"wp-block-media-text__content\">\n<div class=\"wp-block-group alignwide ext-animate--off has-global-padding is-layout-constrained wp-container-core-group-is-layout-48493932 wp-block-group-is-layout-constrained\" style=\"padding-top:var(--wp--preset--spacing--55);padding-right:var(--wp--preset--spacing--55);padding-bottom:var(--wp--preset--spacing--55);padding-left:var(--wp--preset--spacing--55)\"><div class=\"wpforms-container wpforms-block wpforms-block-406c62bf-d413-4f54-9e34-6ea96a36e1dd wpforms-render-modern\" id=\"wpforms-30\"><form id=\"wpforms-form-30\" class=\"wpforms-validate wpforms-form wpforms-ajax-form\" data-formid=\"30\" method=\"post\" enctype=\"multipart\/form-data\" action=\"\/esiliiga\/wp-json\/wp\/v2\/pages\/32\" data-token=\"816845bdcb5de29ca944ee9d0067d47b\" data-token-time=\"1778835289\"><noscript class=\"wpforms-error-noscript\">Please enable JavaScript in your browser to complete this form.<\/noscript><div id=\"wpforms-error-noscript\" style=\"display: none;\">Please enable JavaScript in your browser to complete this form.<\/div><div class=\"wpforms-field-container\"><div id=\"wpforms-30-field_1-container\" class=\"wpforms-field wpforms-field-name\" data-field-id=\"1\"><label class=\"wpforms-field-label\" for=\"wpforms-30-field_1\">Meeskonna nimi <span class=\"wpforms-required-label\" aria-hidden=\"true\">*<\/span><\/label><input type=\"text\" id=\"wpforms-30-field_1\" class=\"wpforms-field-medium wpforms-field-required\" name=\"wpforms[fields][1]\" aria-errormessage=\"wpforms-30-field_1-error\" required><\/div><div id=\"wpforms-30-field_2-container\" class=\"wpforms-field wpforms-field-email\" data-field-id=\"2\"><label class=\"wpforms-field-label\" for=\"wpforms-30-field_2\">E-post <span class=\"wpforms-required-label\" aria-hidden=\"true\">*<\/span><\/label><input type=\"email\" id=\"wpforms-30-field_2\" class=\"wpforms-field-medium wpforms-field-required\" name=\"wpforms[fields][2]\" spellcheck=\"false\" aria-errormessage=\"wpforms-30-field_2-error\" required><\/div><div id=\"wpforms-30-field_4-container\" class=\"wpforms-field wpforms-field-number\" data-field-id=\"4\"><label class=\"wpforms-field-label\" for=\"wpforms-30-field_4\">Tel.nr. <span class=\"wpforms-required-label\" aria-hidden=\"true\">*<\/span><\/label><input type=\"number\" id=\"wpforms-30-field_4\" class=\"wpforms-field-medium wpforms-field-required\" name=\"wpforms[fields][4]\" step=\"any\" aria-errormessage=\"wpforms-30-field_4-error\" required><\/div>\t\t<div id=\"wpforms-30-field_3-container\"\n\t\t\tclass=\"wpforms-field wpforms-field-text\"\n\t\t\tdata-field-type=\"text\"\n\t\t\tdata-field-id=\"3\"\n\t\t\t>\n\t\t\t<label class=\"wpforms-field-label\" for=\"wpforms-30-field_3\" >millel Valige etapid,<\/label>\n\t\t\t<input type=\"text\" id=\"wpforms-30-field_3\" class=\"wpforms-field-medium\" name=\"wpforms[fields][3]\" >\n\t\t<\/div>\n\t\t<div id=\"wpforms-30-field_5-container\" class=\"wpforms-field wpforms-field-checkbox\" data-field-id=\"5\"><fieldset><legend class=\"wpforms-field-label\">Valige etapid, millel osaleda soovite.<\/legend><ul id=\"wpforms-30-field_5\"><li class=\"choice-1 depth-1\"><input type=\"checkbox\" id=\"wpforms-30-field_5_1\" name=\"wpforms[fields][5][]\" value=\"4.juuli\" aria-errormessage=\"wpforms-30-field_5_1-error\"  ><label class=\"wpforms-field-label-inline\" for=\"wpforms-30-field_5_1\">4.juuli<\/label><\/li><li class=\"choice-2 depth-1\"><input type=\"checkbox\" id=\"wpforms-30-field_5_2\" name=\"wpforms[fields][5][]\" value=\"18.juuli\" aria-errormessage=\"wpforms-30-field_5_2-error\"  ><label class=\"wpforms-field-label-inline\" for=\"wpforms-30-field_5_2\">18.juuli<\/label><\/li><li class=\"choice-3 depth-1\"><input type=\"checkbox\" id=\"wpforms-30-field_5_3\" name=\"wpforms[fields][5][]\" value=\"8.august\" aria-errormessage=\"wpforms-30-field_5_3-error\"  ><label class=\"wpforms-field-label-inline\" for=\"wpforms-30-field_5_3\">8.august<\/label><\/li><\/ul><\/fieldset><\/div><script>\n\t\t\t\t( function() {\n\t\t\t\t\tconst style = document.createElement( 'style' );\n\t\t\t\t\tstyle.appendChild( document.createTextNode( '#wpforms-30-field_3-container { position: absolute !important; overflow: hidden !important; display: inline !important; height: 1px !important; width: 1px !important; z-index: -1000 !important; padding: 0 !important; } #wpforms-30-field_3-container input { visibility: hidden; } #wpforms-conversational-form-page #wpforms-30-field_3-container label { counter-increment: none; }' ) );\n\t\t\t\t\tdocument.head.appendChild( style );\n\t\t\t\t\tdocument.currentScript?.remove();\n\t\t\t\t} )();\n\t\t\t<\/script><\/div><!-- .wpforms-field-container --><div class=\"wpforms-submit-container\" ><input type=\"hidden\" name=\"wpforms[id]\" value=\"30\"><input type=\"hidden\" name=\"page_title\" value=\"\"><input type=\"hidden\" name=\"page_url\" value=\"https:\/\/rannajalgpall.ee\/esiliiga\/wp-json\/wp\/v2\/pages\/32\"><input type=\"hidden\" name=\"url_referer\" value=\"\"><button type=\"submit\" name=\"wpforms[submit]\" id=\"wpforms-submit-30\" class=\"wpforms-submit\" data-alt-text=\"Saadab...\" data-submit-text=\"Saada\" aria-live=\"assertive\" value=\"wpforms-submit\">Saada<\/button><img loading=\"lazy\" decoding=\"async\" src=\"https:\/\/rannajalgpall.ee\/esiliiga\/wp-content\/plugins\/wpforms-lite\/assets\/images\/submit-spin.svg\" class=\"wpforms-submit-spinner\" style=\"display: none;\" width=\"26\" height=\"26\" alt=\"Loading\"><\/div><\/form><\/div>  <!-- .wpforms-container --><\/div>\n<\/div><figure class=\"wp-block-media-text__media\"><img loading=\"lazy\" decoding=\"async\" width=\"819\" height=\"1024\" src=\"https:\/\/rannajalgpall.ee\/esiliiga\/wp-content\/uploads\/2026\/05\/KKK-819x1024.jpg\" alt=\"\" class=\"wp-image-49 size-full\" style=\"object-position:50% 50%\" srcset=\"https:\/\/rannajalgpall.ee\/esiliiga\/wp-content\/uploads\/2026\/05\/KKK-819x1024.jpg 819w, https:\/\/rannajalgpall.ee\/esiliiga\/wp-content\/uploads\/2026\/05\/KKK-240x300.jpg 240w, https:\/\/rannajalgpall.ee\/esiliiga\/wp-content\/uploads\/2026\/05\/KKK-768x960.jpg 768w, https:\/\/rannajalgpall.ee\/esiliiga\/wp-content\/uploads\/2026\/05\/KKK.jpg 1080w\" sizes=\"auto, (max-width: 819px) 100vw, 819px\" \/><\/figure><\/div>\n<\/div>\n","protected":false},"excerpt":{"rendered":"<p>RANNAJALKA SUVI ON KOHE ALGAMAS! Eesti rannajalka Esiliiga ootab osalema k\u00f5iki jalgpalliklubisid ja s\u00f5pruskondasid. Rannajalgpalli Esiliiga on harrastusliiga, mis koosneb sel aastal kolmest \u00fchep\u00e4evasest turniirist. Lisaks peetakse hooaja l\u00f5pus (22. august) esmakordselt Eesti \u2013 L\u00e4ti esiliiga klubide karikav\u00f5istlused. V\u00f5istkond v\u00f5ib ennast registreerida \u00fchele turniirile, kui ka k\u00f5igile kolmele korraga (liiga \u00fcldv\u00f5idu eest v\u00f5istlevad vaid k\u00f5igil [&hellip;]<\/p>\n","protected":false},"author":1,"featured_media":0,"parent":0,"menu_order":0,"comment_status":"closed","ping_status":"closed","template":"no-title-sticky-header","meta":{"_monsterinsights_skip_tracking":false,"_monsterinsights_sitenote_active":false,"_monsterinsights_sitenote_note":"","_monsterinsights_sitenote_category":0,"footnotes":""},"class_list":["post-32","page","type-page","status-publish","hentry"],"_links":{"self":[{"href":"https:\/\/rannajalgpall.ee\/esiliiga\/wp-json\/wp\/v2\/pages\/32","targetHints":{"allow":["GET"]}}],"collection":[{"href":"https:\/\/rannajalgpall.ee\/esiliiga\/wp-json\/wp\/v2\/pages"}],"about":[{"href":"https:\/\/rannajalgpall.ee\/esiliiga\/wp-json\/wp\/v2\/types\/page"}],"author":[{"embeddable":true,"href":"https:\/\/rannajalgpall.ee\/esiliiga\/wp-json\/wp\/v2\/users\/1"}],"replies":[{"embeddable":true,"href":"https:\/\/rannajalgpall.ee\/esiliiga\/wp-json\/wp\/v2\/comments?post=32"}],"version-history":[{"count":8,"href":"https:\/\/rannajalgpall.ee\/esiliiga\/wp-json\/wp\/v2\/pages\/32\/revisions"}],"predecessor-version":[{"id":59,"href":"https:\/\/rannajalgpall.ee\/esiliiga\/wp-json\/wp\/v2\/pages\/32\/revisions\/59"}],"wp:attachment":[{"href":"https:\/\/rannajalgpall.ee\/esiliiga\/wp-json\/wp\/v2\/media?parent=32"}],"curies":[{"name":"wp","href":"https:\/\/api.w.org\/{rel}","templated":true}]}}